{"id":847,"date":"2025-02-20T09:30:11","date_gmt":"2025-02-20T09:30:11","guid":{"rendered":"https:\/\/www.kulturelleserbe-rlp.de\/?page_id=847"},"modified":"2026-04-21T07:30:37","modified_gmt":"2026-04-21T07:30:37","slug":"testseite-anmeldung","status":"publish","type":"page","link":"https:\/\/www.kulturelleserbe-rlp.de\/?page_id=847","title":{"rendered":"Anmeldung zur Informationsveranstaltung &#8220;KuLaDig-RLP meets BUGA 2029&#8221;"},"content":{"rendered":"\n<h3 class=\"wp-block-heading\">07. Mai 2026 (10:00 bis 14:00 Uhr) im Kulturhaus in Oberwesel<\/h3>\n\n\n\n<p>Wir laden Sie herzlich zu unserer Informationsveranstaltung &#8220;KuLaDig-RLP meets BUGA 2029&#8221; ein, die am 7. Mai von 10:00 bis 14:00 Uhr im Kulturhaus in Oberwesel stattfindet. Wir freuen uns Ihnen im Beisein von Staatssekret\u00e4rin Simone Schneider (MdI) den aktuellen Stand in der Konzeption unserer Themenrouten quer durch das Welterbe Oberes Mittelrheintal vorzustellen. Dar\u00fcber hinaus haben Sie Gelegenheiten zum Netzwerken, ausgew\u00e4hlte bereits entwickelte Modelle und Formate zur Pr\u00e4sentation des kulturellen Erbes beim Markt der M\u00f6glichkeiten zu testen und sich im Workshop mit einer eigenen Vision in die Gestaltung unserer Themenrouten mit einzubringen.<\/p>\n\n\n\n<p>Die Teilnehmenden erwartet ein vielf\u00e4ltiges Programm:<\/p>\n\n\n\n<ul class=\"wp-block-list\">\n<li>10:00 Uhr: \u201eMarkt der M\u00f6glichkeiten\u201c, auf dem digitale Modelle und multimediale Pr\u00e4sentationsformate zum kulturellen Erbe vorgestellt und erlebbar gemacht werden<\/li>\n\n\n\n<li>11:15 Uhr: Zwischenbilanz zum aktuellen Stand des Teilprojekts \u201eKuLaDig-RLP meets BUGA 2029\u201c sowie eine Einladung zu weiteren Kooperationen<\/li>\n\n\n\n<li>12:30 Uhr: Workshop im World\u2011Caf\u00e9\u2011Format, in dem bereits ausgearbeitete Konzepte f\u00fcr Themenrouten im Oberen Mittelrheintal gemeinsam diskutiert und weiterentwickelt werden<\/li>\n\n\n\n<li>Raum f\u00fcr Austausch und Vernetzung in informeller Atmosph\u00e4re<\/li>\n<\/ul>\n\n\n\n<p><strong>Das detaillierte Programm<\/strong> k\u00f6nnen Sie <a href=\"https:\/\/www.kulturelleserbe-rlp.de\/wp-content\/uploads\/2026\/04\/Programm-Infoveranstaltung-KuLaDig-RLP-meets-BUGA-2029-Mai-2026.pdf\" target=\"_blank\" rel=\"noreferrer noopener\">hier herunterladen<\/a>.<\/p>\n\n\n\n<p><strong>Hinweis:<\/strong> Bitte beachten Sie, dass w\u00e4hrend der Veranstaltung Medienaufnahmen (Video und Foto) zur Dokumentation und f\u00fcr die eigene \u00d6ffentlichkeitsarbeit gemacht werden. Bitte teilen Sie uns zu Beginn der Veranstaltung mit, wenn Sie nicht mit aufgenommen werden m\u00f6chten, vielen Dank.<\/p>\n\n\n<div id=\"bitforms_1_847_1\" class=\"bit-form AF1 Ag1 _frm-bg-b1\">\n      \n          <form novalidate id=\"form-bitforms_1_847_1\" class=\"AD1 AE1 _frm-b1\"  method='post'>\n              <input type=\"text\" class=\"d-none\" name=\"csrf\" value=\"LVoI+F5FwfIxg4zYILVF0AGXWqJxVPKh1NChhjbMpAc=\">\n              <input type=\"text\" class=\"d-none\" name=\"t_identity\" value=\"m3gBXTTCqXomxZ5vjz9FacmDBflOMvRgYRH+vMnBnE0=\">\n              \n              <input type=\"text\" class=\"d-none\" name=\"bitforms_id\" value=\"bitforms_1\">\n                  <div class=\"btcd-fld-itm b1-2 \">\n        <div \n      \n      class=\"I1 M1 N1 O1 b1-2-fld-wrp bf-fld-wrp \"\n    >\n            <div \n        \n        class=\"x1 AB1 AC1 b1-2-lbl-wrp bf-lbl-wrp \" \n      >\n              <label \n         \n        class=\"A1 D1 x1 y1 z1 AA1 AB1 Af1 b1-2-lbl bf-lbl \"\n        for=\"b1-2-1\">\n        \n        \n        Vorname\n        \n        \n      <\/label>\n        \n      <\/div>\n      <div \n        \n        class=\"b1-2-inp-wrp bf-inp-wrp \"\n      > \n            <div \n      \n      class=\"O1 w1 b1-2-inp-fld-wrp bf-inp-fld-wrp \"\n    >\n      <input\n        \n        id=\"b1-2-1\"\n        \n        class=\"B1 E1 F1 Z1 a1 b1 c1 d1 e1 f1 g1 h1 i1 j1 k1 l1 m1 n1 o1 p1 q1 r1 s1 t1 u1 v1 AV1 AW1 AX1 AY1 AZ1 Aa1 Ab1 Ac1 Ad1 Ae1 b1-2-fld bf-fld \"\n        type=\"text\"\n        \n        \n        \n        placeholder='First Name'\n        \n        \n        \n        \n        name='text-1-2'\n        \n        \n      \/>\n      \n      \n    <\/div>\n    \n        \n            <div class='J1 K1 L1 b1-2-err-wrp bf-err-wrp' style=\"opacity: 0 !important; height: 0px !important;\">\n    <div class='H1 b1-2-err-inner bf-err-inner'>\n      \n        \n        <div   class=\"A1 D1 P1 Q1 R1 S1 T1 U1 V1 W1 X1 Y1 b1-2-err-msg bf-err-msg  I1 b1-2-err-txt bf-err-txt \" style='display: none !important;'><\/div>\n        \n      \n      <\/div>\n    <\/div>\n      <\/div>\n    <\/div>\n<\/div><div class=\"btcd-fld-itm b1-3 \">\n        <div \n      \n      class=\"I1 M1 N1 O1 b1-3-fld-wrp bf-fld-wrp \"\n    >\n            <div \n        \n        class=\"x1 AB1 AC1 b1-3-lbl-wrp bf-lbl-wrp \" \n      >\n              <label \n         \n        class=\"A1 D1 x1 y1 z1 AA1 AB1 Af1 b1-3-lbl bf-lbl \"\n        for=\"b1-3-1\">\n        \n        \n        Nachname\n        \n        \n      <\/label>\n        \n      <\/div>\n      <div \n        \n        class=\"b1-3-inp-wrp bf-inp-wrp \"\n      > \n            <div \n      \n      class=\"O1 w1 b1-3-inp-fld-wrp bf-inp-fld-wrp \"\n    >\n      <input\n        \n        id=\"b1-3-1\"\n        \n        class=\"B1 E1 F1 Z1 a1 b1 c1 d1 e1 f1 g1 h1 i1 j1 k1 l1 m1 n1 o1 p1 q1 r1 s1 t1 u1 v1 AV1 AW1 AX1 AY1 AZ1 Aa1 Ab1 Ac1 Ad1 Ae1 b1-3-fld bf-fld \"\n        type=\"text\"\n        \n        \n        \n        placeholder='Last Name'\n        \n        \n        \n        \n        name='text-1-3'\n        \n        \n      \/>\n      \n      \n    <\/div>\n    \n        \n            <div class='J1 K1 L1 b1-3-err-wrp bf-err-wrp' style=\"opacity: 0 !important; height: 0px !important;\">\n    <div class='H1 b1-3-err-inner bf-err-inner'>\n      \n        \n        <div   class=\"A1 D1 P1 Q1 R1 S1 T1 U1 V1 W1 X1 Y1 b1-3-err-msg bf-err-msg  I1 b1-3-err-txt bf-err-txt \" style='display: none !important;'><\/div>\n        \n      \n      <\/div>\n    <\/div>\n      <\/div>\n    <\/div>\n<\/div><div class=\"btcd-fld-itm b1-5 \">\n        <div \n      \n      class=\"I1 M1 N1 O1 b1-5-fld-wrp bf-fld-wrp \"\n    >\n            <div \n        \n        class=\"x1 AB1 AC1 b1-5-lbl-wrp bf-lbl-wrp \" \n      >\n              <label \n         \n        class=\"A1 D1 x1 y1 z1 AA1 AB1 Af1 b1-5-lbl bf-lbl \"\n        for=\"b1-5-1\">\n        \n        \n        Institution \/ Kommune\n        \n        \n      <\/label>\n        \n      <\/div>\n      <div \n        \n        class=\"b1-5-inp-wrp bf-inp-wrp \"\n      > \n            <div \n      \n      class=\"O1 w1 b1-5-inp-fld-wrp bf-inp-fld-wrp \"\n    >\n      <input\n        \n        id=\"b1-5-1\"\n        \n        class=\"B1 E1 F1 Z1 a1 b1 c1 d1 e1 f1 g1 h1 i1 j1 k1 l1 m1 n1 o1 p1 q1 r1 s1 t1 u1 v1 AV1 AW1 AX1 AY1 AZ1 Aa1 Ab1 Ac1 Ad1 Ae1 b1-5-fld bf-fld \"\n        type=\"text\"\n        \n        \n        \n        placeholder='Placeholder...'\n        \n        \n        \n        \n        name='text-1-5'\n        \n        \n      \/>\n      \n      \n    <\/div>\n    \n        \n            <div class='J1 K1 L1 b1-5-err-wrp bf-err-wrp' style=\"opacity: 0 !important; height: 0px !important;\">\n    <div class='H1 b1-5-err-inner bf-err-inner'>\n      \n        \n        <div   class=\"A1 D1 P1 Q1 R1 S1 T1 U1 V1 W1 X1 Y1 b1-5-err-msg bf-err-msg  I1 b1-5-err-txt bf-err-txt \" style='display: none !important;'><\/div>\n        \n      \n      <\/div>\n    <\/div>\n      <\/div>\n    <\/div>\n<\/div><div class=\"btcd-fld-itm b1-4 \">\n        <div \n      \n      class=\"I1 M1 N1 O1 b1-4-fld-wrp bf-fld-wrp \"\n    >\n            <div \n        \n        class=\"x1 AB1 AC1 b1-4-lbl-wrp bf-lbl-wrp \" \n      >\n              <label \n         \n        class=\"A1 D1 x1 y1 z1 AA1 AB1 Af1 b1-4-lbl bf-lbl \"\n        for=\"b1-4-1\">\n        \n        \n        Email\n        \n        \n      <\/label>\n        \n      <\/div>\n      <div \n        \n        class=\"b1-4-inp-wrp bf-inp-wrp \"\n      > \n            <div \n      \n      class=\"O1 w1 b1-4-inp-fld-wrp bf-inp-fld-wrp \"\n    >\n      <input\n        \n        id=\"b1-4-1\"\n        \n        class=\"B1 E1 F1 Z1 a1 b1 c1 d1 e1 f1 g1 h1 i1 j1 k1 l1 m1 n1 o1 p1 q1 r1 s1 t1 u1 v1 AV1 AW1 AX1 AY1 AZ1 Aa1 Ab1 Ac1 Ad1 Ae1 b1-4-fld bf-fld \"\n        type=\"email\"\n        \n        \n        \n        placeholder='example@mail.com'\n        \n        \n        \n        \n        name='email-1-4'\n        \n        \n      \/>\n      \n      \n    <\/div>\n    \n        \n            <div class='J1 K1 L1 b1-4-err-wrp bf-err-wrp' style=\"opacity: 0 !important; height: 0px !important;\">\n    <div class='H1 b1-4-err-inner bf-err-inner'>\n      \n        \n        <div   class=\"A1 D1 P1 Q1 R1 S1 T1 U1 V1 W1 X1 Y1 b1-4-err-msg bf-err-msg  I1 b1-4-err-txt bf-err-txt \" style='display: none !important;'><\/div>\n        \n      \n      <\/div>\n    <\/div>\n      <\/div>\n    <\/div>\n<\/div><div class=\"btcd-fld-itm b1-1 \">\n        <div \n      \n      class=\"I1 M1 N1 O1 b1-1-fld-wrp bf-fld-wrp \"\n    >\n      \n      <div \n        \n        class=\"b1-1-inp-wrp bf-inp-wrp \"\n      > \n              <div \n        \n        class=\"D1 b1-1-inp-fld-wrp bf-inp-fld-wrp \"\n      >\n        <button\n          \n          class=\"A1 B1 C1 D1 E1 F1 G1 AG1 AH1 AI1 AJ1 AK1 AL1 Ah1 Ai1 Aj1 b1-1-btn bf-btn  \"\n          type=\"submit\"\n          name='button-b1-1'\n          \n        >\n          \n          Abschicken\n          \n          <span class=\"bf-spinner d-none\"><\/span>\n        <\/button>\n      <\/div>\n        \n        \n      <\/div>\n    <\/div>\n<\/div>\n          <\/form>\n          \n          <div id='bf-form-msg-wrp-bitforms_1_847_1'><\/div>\n                      <div role=\"dialog\" aria-hidden=\"true\" data-modal-backdrop=\"true\" class=\"A1 D1 G1 AR1 AS1 AT1 msg-container-1 deactive scroll\">\n              <div data-contentid=\"bitforms_1_847_1\" data-msgid=\"1\" role=\"button\" class=\"A1 D1 G1 AB1 AQ1 msg-background-1 msg-backdrop\">\n                <div class=\"bf-msg-content O1 S1 T1 y1 AB1 AU1 Af1 msg-content-1\">\n                  <button data-contentid=\"bitforms_1_847_1\" data-msgid=\"1\" class=\"C1 J1 M1 AM1 AN1 AO1 Ak1 Al1 Am1 close-1 bf-msg-close\" type=\"button\">\n                    <svg class=\"AP1 close-icn-1\" viewBox=\"0 0 30 30\">\n                      <line fill=\"none\" stroke=\"currentColor\" stroke-linecap=\"round\" stroke-linejoin=\"round\" x1=\"4\" y1=\"3.88\" x2=\"26\" y2=\"26.12\"><\/line>\n                      <line fill=\"none\" stroke=\"currentColor\" stroke-linecap=\"round\" stroke-linejoin=\"round\" x1=\"26\" y1=\"3.88\" x2=\"4\" y2=\"26.12\"><\/line>\n                    <\/svg>\n                  <\/button>\n                  <div class=\"msg-content\"><\/div>\n                <\/div>\n              <\/div>\n            <\/div>\n      <\/div>    <script id=\"bit-form-bf-globals-bitforms_1_847_1\">      if(!window.bf_globals) { \n        window.bf_globals = {} \n      } if(!window.bf_globals.bitforms_1_847_1) { \n        window.bf_globals.bitforms_1_847_1 = {} \n      }\n      if(document.getElementById('bitforms_1_847_1')) {\n        window.bf_globals.bitforms_1_847_1 = {...window.bf_globals.bitforms_1_847_1, ...{\"ajaxURL\":\"https:\\\/\\\/www.kulturelleserbe-rlp.de\\\/wp-admin\\\/admin-ajax.php\",\"nonce\":\"3c48c3478e\",\"version\":\"2.17.8\",\"layout\":[{\"layout\":{\"lg\":[{\"w\":29,\"h\":77,\"x\":0,\"y\":0,\"i\":\"b1-2\",\"moved\":false,\"static\":false},{\"w\":31,\"h\":77,\"x\":29,\"y\":0,\"i\":\"b1-3\",\"moved\":false,\"static\":false},{\"w\":29,\"h\":77,\"x\":0,\"y\":77,\"i\":\"b1-5\",\"moved\":false,\"static\":false},{\"w\":31,\"h\":77,\"x\":29,\"y\":77,\"i\":\"b1-4\",\"moved\":false,\"static\":false},{\"w\":60,\"h\":54,\"x\":0,\"y\":154,\"i\":\"b1-1\",\"moved\":false,\"static\":false}],\"md\":[{\"w\":60,\"h\":77,\"x\":0,\"y\":0,\"i\":\"b1-2\",\"moved\":false,\"static\":false},{\"w\":60,\"h\":77,\"x\":0,\"y\":77,\"i\":\"b1-3\",\"moved\":false,\"static\":false},{\"w\":60,\"h\":77,\"x\":0,\"y\":154,\"i\":\"b1-5\",\"moved\":false,\"static\":false},{\"w\":60,\"h\":77,\"x\":0,\"y\":231,\"i\":\"b1-4\",\"moved\":false,\"static\":false},{\"w\":60,\"h\":54,\"x\":0,\"y\":308,\"i\":\"b1-1\",\"moved\":false,\"static\":false}],\"sm\":[{\"w\":60,\"h\":77,\"x\":0,\"y\":0,\"i\":\"b1-2\",\"moved\":false,\"static\":false},{\"w\":60,\"h\":77,\"x\":0,\"y\":77,\"i\":\"b1-3\",\"moved\":false,\"static\":false},{\"w\":60,\"h\":77,\"x\":0,\"y\":154,\"i\":\"b1-5\",\"moved\":false,\"static\":false},{\"w\":60,\"h\":77,\"x\":0,\"y\":231,\"i\":\"b1-4\",\"moved\":false,\"static\":false},{\"w\":60,\"h\":54,\"x\":0,\"y\":308,\"i\":\"b1-1\",\"moved\":false,\"static\":false}]},\"settings\":{\"lbl\":\"Step 1\",\"subtitle\":\"Step description\",\"icon\":\"\",\"showIcon\":true,\"iconType\":\"number\",\"showLbl\":false,\"showSubtitle\":false,\"customClasses\":{},\"customAttributes\":{}}}],\"nestedLayout\":{},\"fields\":{\"b1-1\":{\"typ\":\"button\",\"btnSiz\":\"md\",\"btnTyp\":\"submit\",\"txt\":\"Abschicken\",\"icn\":{\"pos\":\"\",\"url\":\"\"},\"valid\":{},\"customClasses\":{},\"customAttributes\":{},\"fieldName\":\"button-b1-1\"},\"b1-2\":{\"typ\":\"text\",\"lbl\":\"Vorname\",\"ph\":\"First Name\",\"phHide\":true,\"valid\":{},\"err\":{},\"customClasses\":{},\"customAttributes\":{},\"fieldName\":\"text-1-2\"},\"b1-3\":{\"typ\":\"text\",\"lbl\":\"Nachname\",\"ph\":\"Last Name\",\"phHide\":true,\"valid\":{},\"err\":{},\"customClasses\":{},\"customAttributes\":{},\"fieldName\":\"text-1-3\"},\"b1-4\":{\"typ\":\"email\",\"lbl\":\"Email\",\"ph\":\"example@mail.com\",\"phHide\":true,\"pattern\":\"^[^$_bf_$s@]+@[^$_bf_$s@]+$_bf_$.[^$_bf_$s@]+$\",\"valid\":{},\"err\":{\"invalid\":{\"dflt\":\"<p style=\\\"margin:0\\\">Please, Enter a valid email address.<\\\/p>\",\"show\":true},\"req\":{\"dflt\":\"<p style=\\\"margin:0\\\">This field is required<\\\/p>\",\"show\":true,\"custom\":true,\"msg\":\"<p style=\\\"margin:0\\\">Please enter your email.<\\\/p>\"}},\"customClasses\":{},\"customAttributes\":{},\"fieldName\":\"email-1-4\"},\"b1-5\":{\"typ\":\"text\",\"lbl\":\"Institution \\\/ Kommune\",\"ph\":\"Placeholder...\",\"phHide\":true,\"valid\":{},\"err\":{},\"customClasses\":{},\"customAttributes\":{},\"fieldName\":\"text-1-5\"}},\"buttons\":\"\",\"fieldsKey\":{\"b1-1\":\"b1-1\",\"b1-2\":\"b1-2\",\"b1-3\":\"b1-3\",\"b1-4\":\"b1-4\",\"b1-5\":\"b1-5\"},\"file\":false,\"configs\":{\"bf_separator\":\"__bf__\"},\"formId\":1,\"appID\":\"bitforms_1\",\"GCLID\":false,\"assetUrl\":\"https:\\\/\\\/www.kulturelleserbe-rlp.de\\\/wp-content\\\/plugins\\\/bit-form\\\/assets\",\"onfieldCondition\":false,\"smartTags\":{\"_bf_current_time\":\"2026-04-23 11:16:23\",\"_bf_admin_email\":\"kuladigrlp@uni-koblenz.de\",\"_bf_date_default\":\"April 23, 2026\",\"_bf_date.m\\\/d\\\/y\":\"04\\\/23\\\/26\",\"_bf_date.d\\\/m\\\/y\":\"23\\\/04\\\/26\",\"_bf_date.y\\\/m\\\/d\":\"26\\\/04\\\/23\",\"_bf_date.Y-m-d\":\"2026-04-23\",\"_bf_date.d-M, Y\":\"23-Apr, 2026\",\"_bf_time\":\"11:16 am\",\"_bf_weekday\":\"Thursday\",\"_bf_http_referer_url\":\"\",\"_bf_ip_address\":\"216.73.217.86\",\"_bf_browser_name\":\"Bot\",\"_bf_operating_system\":\"\",\"_bf_random_digit\":\"69e9ff8703efa\",\"_bf_user_id\":\"0\",\"_bf_user_first_name\":\" \",\"_bf_user_last_name\":\" \",\"_bf_user_display_name\":\" \",\"_bf_user_nice_name\":\" \",\"_bf_user_login_name\":\" \",\"_bf_user_email\":\" \",\"_bf_user_url\":\" \",\"_bf_current_user_role\":\" \",\"_bf_author_id\":\" \",\"_bf_author_display\":\" \",\"_bf_author_email\":\" \",\"_bf_site_title\":\"Kulturelles Erbe in Rheinland-Pfalz\",\"_bf_site_description\":\"\",\"_bf_site_url\":\"https:\\\/\\\/www.kulturelleserbe-rlp.de\",\"_bf_wp_local_codes\":\"en-US\",\"_bf_separator\":\"__bf__\",\"_bf_post_id\":\"\",\"_bf_post_name\":\"\",\"_bf_post_title\":\"\",\"_bf_post_date\":\"\",\"_bf_post_modified_date\":\"\",\"_bf_post_url\":\"\",\"_bf_is_user_logged_in\":\"logged_out\",\"_bf_entry_id\":\"\",\"_bf_back_view\":\"https:\\\/\\\/www.kulturelleserbe-rlp.de\"},\"paymentCallbackUrl\":\"https:\\\/\\\/www.kulturelleserbe-rlp.de\\\/index.php?rest_route=\\\/bitform\\\/v1\\\/payments\\\/razorpay\",\"gRecaptchaSiteKey\":null,\"gRecaptchaVersion\":null,\"turnstileSiteKey\":null}};\n      }<\/script>\n\n\n\n<h4 class=\"wp-block-heading\"><strong>Anfahrt <\/strong><\/h4>\n\n\n\n<p>Kulturhaus Oberwesel<br>Rathausstr. 23<br>D &#8211; 55430 Oberwesel<\/p>\n\n\n\n<p>Telefon: +49 (6744) 7147 -26<br>Telefax: +49 (6744) 7147 -28<\/p>\n\n\n\n<h4 class=\"wp-block-heading\"><strong>Parken<\/strong><\/h4>\n\n\n\n<p>Parkpl\u00e4tze in ausreichender Anzahl befinden sich entlang der B9 am Rheinufer. Von hier sind es nur wenige Schritte bis zum Kulturhaus.<\/p>\n","protected":false},"excerpt":{"rendered":"<p>07. Mai 2026 (10:00 bis 14:00 Uhr) im Kulturhaus in Oberwesel Wir laden Sie herzlich zu unserer Informationsveranstaltung &#8220;KuLaDig-RLP meets BUGA 2029&#8221; ein, die am 7. Mai von 10:00 bis 14:00 Uhr im Kulturhaus in Oberwesel stattfindet. Wir freuen uns Ihnen im Beisein von Staatssekret\u00e4rin Simone Schneider (MdI) den aktuellen Stand in der Konzeption unserer [&hellip;]<\/p>\n","protected":false},"author":1,"featured_media":0,"parent":0,"menu_order":0,"comment_status":"closed","ping_status":"closed","template":"","meta":{"footnotes":""},"class_list":["post-847","page","type-page","status-publish","hentry"],"_links":{"self":[{"href":"https:\/\/www.kulturelleserbe-rlp.de\/index.php?rest_route=\/wp\/v2\/pages\/847","targetHints":{"allow":["GET"]}}],"collection":[{"href":"https:\/\/www.kulturelleserbe-rlp.de\/index.php?rest_route=\/wp\/v2\/pages"}],"about":[{"href":"https:\/\/www.kulturelleserbe-rlp.de\/index.php?rest_route=\/wp\/v2\/types\/page"}],"author":[{"embeddable":true,"href":"https:\/\/www.kulturelleserbe-rlp.de\/index.php?rest_route=\/wp\/v2\/users\/1"}],"replies":[{"embeddable":true,"href":"https:\/\/www.kulturelleserbe-rlp.de\/index.php?rest_route=%2Fwp%2Fv2%2Fcomments&post=847"}],"version-history":[{"count":14,"href":"https:\/\/www.kulturelleserbe-rlp.de\/index.php?rest_route=\/wp\/v2\/pages\/847\/revisions"}],"predecessor-version":[{"id":2165,"href":"https:\/\/www.kulturelleserbe-rlp.de\/index.php?rest_route=\/wp\/v2\/pages\/847\/revisions\/2165"}],"wp:attachment":[{"href":"https:\/\/www.kulturelleserbe-rlp.de\/index.php?rest_route=%2Fwp%2Fv2%2Fmedia&parent=847"}],"curies":[{"name":"wp","href":"https:\/\/api.w.org\/{rel}","templated":true}]}}