{"id":202,"date":"2024-09-17T12:24:45","date_gmt":"2024-09-17T12:24:45","guid":{"rendered":"https:\/\/www.kulturelleserbe-rlp.de\/?page_id=202"},"modified":"2024-09-17T12:27:54","modified_gmt":"2024-09-17T12:27:54","slug":"grabmal-augustin-peters","status":"publish","type":"page","link":"https:\/\/www.kulturelleserbe-rlp.de\/?page_id=202","title":{"rendered":"Grabmal Augustin Peters"},"content":{"rendered":"\n<h4 class=\"wp-block-heading\">Station der Audiotour Gedenk-Orte in Herxheim<\/h4>\n\n\n\n<p><\/p>\n\n\n\n<div class=\"wp-block-group alignfull has-accent-background-color has-background has-global-padding is-layout-constrained wp-container-core-group-is-layout-669513ed wp-block-group-is-layout-constrained\" style=\"margin-top:0;margin-bottom:0;padding-top:var(--wp--preset--spacing--50);padding-right:var(--wp--preset--spacing--50);padding-bottom:var(--wp--preset--spacing--50);padding-left:var(--wp--preset--spacing--50)\">\n<div class=\"wp-block-columns alignwide is-layout-flex wp-container-core-columns-is-layout-1da03c2a wp-block-columns-is-layout-flex\">\n<div class=\"wp-block-column is-vertically-aligned-stretch is-layout-flow wp-block-column-is-layout-flow\" style=\"flex-basis:50%\">\n<div class=\"wp-block-group is-vertical is-content-justification-stretch is-layout-flex wp-container-core-group-is-layout-444d5ee8 wp-block-group-is-layout-flex\" style=\"min-height:100%\">\n<p class=\"has-heading-font-family has-x-large-font-size\" style=\"line-height:1.2\">Augustin Peters starb am 3. November 1821; er war acht Jahre, drei Monate, f\u00fcnf Tage alt. Die besondere Erscheinungsform des Grabsteins wie auch der Umstand, dass einem acht-j\u00e4hrigen Kind ein solch repr\u00e4sentativer Grabstein gesetzt wurde, hinterl\u00e4sst Fragen, denen auf den Grund zu gehen hier versucht wird.<\/p>\n\n\n\n<div class=\"wp-block-group has-global-padding is-content-justification-left is-layout-constrained wp-container-core-group-is-layout-9fe8ed88 wp-block-group-is-layout-constrained\">\n<p class=\"wp-container-content-0733e5d0\"><\/p>\n\n\n\n<div class=\"wp-block-buttons is-layout-flex wp-block-buttons-is-layout-flex\">\n<div class=\"wp-block-button\"><a class=\"wp-block-button__link wp-element-button\">Zum Objekt<\/a><\/div>\n<\/div>\n<\/div>\n<\/div>\n<\/div>\n\n\n\n<div class=\"wp-block-column is-vertically-aligned-center is-layout-flow wp-block-column-is-layout-flow\" style=\"flex-basis:50%\">\n<figure class=\"wp-block-image size-large is-resized is-style-rounded is-style-rounded--1\"><img fetchpriority=\"high\" decoding=\"async\" width=\"826\" height=\"1024\" src=\"https:\/\/www.kulturelleserbe-rlp.de\/wp-content\/uploads\/2024\/09\/Augustin-Peters-826x1024.jpg\" alt=\"\" class=\"wp-image-203\" style=\"aspect-ratio:0.75;object-fit:cover;width:477px;height:auto\" srcset=\"https:\/\/www.kulturelleserbe-rlp.de\/wp-content\/uploads\/2024\/09\/Augustin-Peters-826x1024.jpg 826w, https:\/\/www.kulturelleserbe-rlp.de\/wp-content\/uploads\/2024\/09\/Augustin-Peters-242x300.jpg 242w, https:\/\/www.kulturelleserbe-rlp.de\/wp-content\/uploads\/2024\/09\/Augustin-Peters-768x952.jpg 768w, https:\/\/www.kulturelleserbe-rlp.de\/wp-content\/uploads\/2024\/09\/Augustin-Peters-1239x1536.jpg 1239w, https:\/\/www.kulturelleserbe-rlp.de\/wp-content\/uploads\/2024\/09\/Augustin-Peters-1652x2048.jpg 1652w\" sizes=\"(max-width: 826px) 100vw, 826px\" \/><figcaption class=\"wp-element-caption\">Der Grabstein befindet sich am Hauptweg zum Friedhof bei der Friedhofshalle.<\/figcaption><\/figure>\n<\/div>\n<\/div>\n\n\n\n<figure class=\"wp-block-audio\"><audio controls src=\"https:\/\/www.kulturelleserbe-rlp.de\/wp-content\/uploads\/2024\/09\/Grabmal-Augustin-Peters.mp3\"><\/audio><\/figure>\n<\/div>\n\n\n\n<div class=\"wp-block-group alignfull has-base-background-color has-background has-global-padding is-layout-constrained wp-container-core-group-is-layout-d89aad35 wp-block-group-is-layout-constrained\" style=\"margin-top:0;margin-bottom:0;padding-top:var(--wp--preset--spacing--50);padding-right:var(--wp--preset--spacing--50);padding-bottom:var(--wp--preset--spacing--50);padding-left:var(--wp--preset--spacing--50)\">\n<div class=\"wp-block-columns alignwide is-layout-flex wp-container-core-columns-is-layout-549b0c86 wp-block-columns-is-layout-flex\">\n<div class=\"wp-block-column has-global-padding is-content-justification-left is-layout-constrained wp-container-core-column-is-layout-4f15e8fe wp-block-column-is-layout-constrained\" style=\"flex-basis:40%\">\n<figure class=\"wp-block-image size-large is-resized\"><img decoding=\"async\" width=\"768\" height=\"1024\" src=\"https:\/\/www.kulturelleserbe-rlp.de\/wp-content\/uploads\/2024\/09\/Peters-Gustinus-Grabstele-768x1024.jpg\" alt=\"\" class=\"wp-image-204\" style=\"width:380px;height:auto\" srcset=\"https:\/\/www.kulturelleserbe-rlp.de\/wp-content\/uploads\/2024\/09\/Peters-Gustinus-Grabstele-768x1024.jpg 768w, https:\/\/www.kulturelleserbe-rlp.de\/wp-content\/uploads\/2024\/09\/Peters-Gustinus-Grabstele-225x300.jpg 225w, https:\/\/www.kulturelleserbe-rlp.de\/wp-content\/uploads\/2024\/09\/Peters-Gustinus-Grabstele-1152x1536.jpg 1152w, https:\/\/www.kulturelleserbe-rlp.de\/wp-content\/uploads\/2024\/09\/Peters-Gustinus-Grabstele-1536x2048.jpg 1536w, https:\/\/www.kulturelleserbe-rlp.de\/wp-content\/uploads\/2024\/09\/Peters-Gustinus-Grabstele-scaled.jpg 1920w\" sizes=\"(max-width: 768px) 100vw, 768px\" \/><\/figure>\n\n\n\n<p>Der Grabstein wurde nach Errichtung der Friedhofshalle 1968 und bei der Gestaltung deren Umgebung vom Friedhof an seinen jetzigen Standort versetzt. Das Grabmal wurde auf Initiative und auf Kosten der Familie Wolfgang Adam durch die Firma Hoffmann aus Knittelsheim renoviert.&nbsp;<\/p>\n<\/div>\n\n\n\n<div class=\"wp-block-column is-layout-flow wp-container-core-column-is-layout-119bc444 wp-block-column-is-layout-flow\" style=\"flex-basis:60%\">\n<p class=\"has-heading-font-family has-x-large-font-size\" style=\"line-height:1.2\">Man darf annehmen, dass der Knabe so etwas wie der Familienmittelpunkt, der Sonnenschein der Familie war und sein Tod die Familie umso schmerzlicher traf.<\/p>\n\n\n\n<div class=\"wp-block-columns is-layout-flex wp-container-core-columns-is-layout-87beb0d0 wp-block-columns-is-layout-flex\">\n<div class=\"wp-block-column is-layout-flow wp-block-column-is-layout-flow\">\n<p class=\"wp-container-content-9cfa9a5a\">Ein Kindergrab solchen Ausma\u00dfes l\u00e4sst auf eine wohlhabende Familie schlie\u00dfen. In der Tat wird Conrad Peters, der Vater von Augustin in den Personenstandsb\u00fcchern als \u201eKaufmann\u201c gef\u00fchrt, wie schon dessen Vater, der vor 1750 aus dem F\u00fcrstbistum L\u00fcttich nach Herxheim eingewandert war.&nbsp;<\/p>\n\n\n\n<p class=\"wp-container-content-9cfa9a5a\">Die klassizistische Form l\u00e4sst sich aus der Zeit erkl\u00e4ren, denn das letzte Drittel des 18. und das erste Drittel des 19. Jahrhunderts gilt als die Kernzeit des Klassizismus. Gleichwohl die F\u00f6rderung des Klassizismus durch K\u00f6nig Ludwig I. von Bayern erst mit und nach dessen Regierungsantritt 1825 vorangetrieben wurde, so gilt doch zu bedenken, dass der kleine Augustin auf die Welt kam, als die linksrheinischen Lande, und damit die Pfalz und Herxheim, noch Teil des napoleonischen Kaiserreiches waren, in welchem der Klassizismus als Revolutionsstil gepflegt und unter Napoleon als Empirestil ausgebildet war. Da hinein kann das vor uns stehende Grabmal am besten eingeordnet werden, ein Kind des Empire.<\/p>\n<\/div>\n\n\n\n<div class=\"wp-block-column is-layout-flow wp-block-column-is-layout-flow\">\n<p>Der Blick in die Familiengeschichte l\u00e4sst den Grabstein ein wenig auch zum Denkmal f\u00fcr die Kindersterblichkeit jener Zeit werden. Denn das Ehepaar Peters hatte 12 Kinder, die mehr oder minder im Zweijahresabstand das Licht der Welt erblickten \u2013 nichts Ungew\u00f6hnliches f\u00fcr jene Zeit -, sieben M\u00e4dchen und f\u00fcnf Knaben; drei davon starben im Kleinstkindalter. Als Augustin 1821 aus der Welt schied, waren seine beiden \u00e4ltesten Schwestern schon verheiratet und wahrscheinlich au\u00dfer Haus. Man darf annehmen, dass der Knabe so etwas wie der Familienmittelpunkt, der Sonnenschein der Familie war und sein Tod die Familie umso schmerzlicher traf. Dies kann erkl\u00e4ren, warum der Grabstein relativ monumental ausgefallen ist, wozu die Familie ganz offensichtlich auch das Geld hatte.<\/p>\n\n\n\n<p>Interessant auch die Feststellung, dass der Familienname Peters von keinem der Kinder dieser Familie in die n\u00e4chste Generation weiter gegeben wurde und m\u00f6glicherweise den Grund daf\u00fcr abgibt, dass der Familienname 1864 in Herxheim \u201eausstirbt\u201c.<\/p>\n<\/div>\n<\/div>\n<\/div>\n<\/div>\n<\/div>\n","protected":false},"excerpt":{"rendered":"<p>Station der Audiotour Gedenk-Orte in Herxheim Augustin Peters starb am 3. November 1821; er war acht Jahre, drei Monate, f\u00fcnf Tage alt. Die besondere Erscheinungsform des Grabsteins wie auch der Umstand, dass einem acht-j\u00e4hrigen Kind ein solch repr\u00e4sentativer Grabstein gesetzt wurde, hinterl\u00e4sst Fragen, denen auf den Grund zu gehen hier versucht wird. Der Grabstein wurde [&hellip;]<\/p>\n","protected":false},"author":1,"featured_media":0,"parent":0,"menu_order":0,"comment_status":"closed","ping_status":"closed","template":"","meta":{"footnotes":""},"class_list":["post-202","page","type-page","status-publish","hentry"],"_links":{"self":[{"href":"https:\/\/www.kulturelleserbe-rlp.de\/index.php?rest_route=\/wp\/v2\/pages\/202","targetHints":{"allow":["GET"]}}],"collection":[{"href":"https:\/\/www.kulturelleserbe-rlp.de\/index.php?rest_route=\/wp\/v2\/pages"}],"about":[{"href":"https:\/\/www.kulturelleserbe-rlp.de\/index.php?rest_route=\/wp\/v2\/types\/page"}],"author":[{"embeddable":true,"href":"https:\/\/www.kulturelleserbe-rlp.de\/index.php?rest_route=\/wp\/v2\/users\/1"}],"replies":[{"embeddable":true,"href":"https:\/\/www.kulturelleserbe-rlp.de\/index.php?rest_route=%2Fwp%2Fv2%2Fcomments&post=202"}],"version-history":[{"count":4,"href":"https:\/\/www.kulturelleserbe-rlp.de\/index.php?rest_route=\/wp\/v2\/pages\/202\/revisions"}],"predecessor-version":[{"id":210,"href":"https:\/\/www.kulturelleserbe-rlp.de\/index.php?rest_route=\/wp\/v2\/pages\/202\/revisions\/210"}],"wp:attachment":[{"href":"https:\/\/www.kulturelleserbe-rlp.de\/index.php?rest_route=%2Fwp%2Fv2%2Fmedia&parent=202"}],"curies":[{"name":"wp","href":"https:\/\/api.w.org\/{rel}","templated":true}]}}