{"id":1450,"date":"2025-10-14T06:59:29","date_gmt":"2025-10-14T06:59:29","guid":{"rendered":"https:\/\/www.kulturelleserbe-rlp.de\/?page_id=1450"},"modified":"2025-10-22T04:58:19","modified_gmt":"2025-10-22T04:58:19","slug":"alte-schule-in-romerberg-berghausen","status":"publish","type":"page","link":"https:\/\/www.kulturelleserbe-rlp.de\/?page_id=1450","title":{"rendered":"Alte Schule in R\u00f6merberg-Berghausen"},"content":{"rendered":"\n<h3 class=\"wp-block-heading\">Lost Places in <a href=\"https:\/\/www.kuladig.de\/Objektansicht\/KLD-356500\">R\u00f6merberg<\/a><\/h3>\n\n\n\n<p><\/p>\n\n\n\n<div class=\"wp-block-group alignfull has-accent-background-color has-background has-global-padding is-layout-constrained wp-container-core-group-is-layout-669513ed wp-block-group-is-layout-constrained\" style=\"margin-top:0;margin-bottom:0;padding-top:var(--wp--preset--spacing--50);padding-right:var(--wp--preset--spacing--50);padding-bottom:var(--wp--preset--spacing--50);padding-left:var(--wp--preset--spacing--50)\">\n<div class=\"wp-block-columns alignwide is-layout-flex wp-container-core-columns-is-layout-1da03c2a wp-block-columns-is-layout-flex\">\n<div class=\"wp-block-column is-vertically-aligned-stretch is-layout-flow wp-block-column-is-layout-flow\" style=\"flex-basis:50%\">\n<div class=\"wp-block-group is-vertical is-content-justification-stretch is-layout-flex wp-container-core-group-is-layout-444d5ee8 wp-block-group-is-layout-flex\" style=\"min-height:100%\">\n<p class=\"has-heading-font-family has-x-large-font-size\" style=\"line-height:1.2\">Der Lehrer hatte drei Klassen [zeitgleich] zu unterrichten und das war ein Kunstst\u00fcck. Meistens hat er eine Klasse unterrichtet, die anderen zwei Klassen waren still besch\u00e4ftigt und das hat sich so abgewechselt.* <\/p>\n\n\n\n<p>In der Bergh\u00e4user Stra\u00dfe im R\u00f6merberger Ortsteil Berghausen befand sich einst das Schulhaus, das anfangs, sprich Mitte des 19. Jahrhunderts, auch noch als Rat- und Gemeindehaus diente. Sie lag links neben der Pfarrkirche Sankt Pankratius und gegen\u00fcber des Zehnthauses. Im Jahre 1901 wurde ein zweites Schulgeb\u00e4ude &#8211; die sogenannte \u201eneue\u201c Schule &#8211; an der Ecke Schulstra\u00dfe\/Bergh\u00e4user Stra\u00dfe zus\u00e4tzlich erbaut. Dies hatte zur Folge, dass man das zuvor errichtete Geb\u00e4ude nun als die alte Schule bezeichnete. In den 1970er Jahren erfolgte\u00a0deren\u00a0Abriss. Seitdem befindet sich dort der Festplatz der Gemeinde.\u00a0Die &#8220;neue&#8221; Schule dient heute als Wohnhaus. <\/p>\n\n\n\n<div class=\"wp-block-group has-global-padding is-content-justification-left is-layout-constrained wp-container-core-group-is-layout-9fe8ed88 wp-block-group-is-layout-constrained\">\n<p class=\"wp-container-content-0733e5d0\">*Laut Zeitzeuge Wilhelm K\u00f6gel, Sch\u00fcler von 1952-1960. <\/p>\n\n\n\n<div class=\"wp-block-buttons is-layout-flex wp-block-buttons-is-layout-flex\">\n<div class=\"wp-block-button\"><a class=\"wp-block-button__link wp-element-button\" href=\"https:\/\/www.kuladig.de\/Objektansicht\/KLD-356586\">Zum KuLaDig-Objekt<\/a><\/div>\n<\/div>\n<\/div>\n<\/div>\n<\/div>\n\n\n\n<div class=\"wp-block-column is-vertically-aligned-center is-layout-flow wp-block-column-is-layout-flow\" style=\"flex-basis:50%\">\n<figure class=\"wp-block-image size-large is-style-rounded is-style-rounded--1\"><img fetchpriority=\"high\" decoding=\"async\" width=\"1024\" height=\"998\" src=\"https:\/\/www.kulturelleserbe-rlp.de\/wp-content\/uploads\/2025\/10\/screenshot-schule-1024x998.jpg\" alt=\"\" class=\"wp-image-1451\" style=\"aspect-ratio:3\/4;object-fit:cover\" srcset=\"https:\/\/www.kulturelleserbe-rlp.de\/wp-content\/uploads\/2025\/10\/screenshot-schule-1024x998.jpg 1024w, https:\/\/www.kulturelleserbe-rlp.de\/wp-content\/uploads\/2025\/10\/screenshot-schule-300x292.jpg 300w, https:\/\/www.kulturelleserbe-rlp.de\/wp-content\/uploads\/2025\/10\/screenshot-schule-768x749.jpg 768w, https:\/\/www.kulturelleserbe-rlp.de\/wp-content\/uploads\/2025\/10\/screenshot-schule.jpg 1033w\" sizes=\"(max-width: 1024px) 100vw, 1024px\" \/><figcaption class=\"wp-element-caption\">Historische Fotografie aus dem Klassenraum in der Alten Schule, Screenshot aus dem &#8220;Heimatfilm Heiligenstein&#8221; von 1956. <\/figcaption><\/figure>\n<\/div>\n<\/div>\n<\/div>\n\n\n\n<div class=\"wp-block-group alignfull has-base-background-color has-background has-global-padding is-layout-constrained wp-container-core-group-is-layout-d89aad35 wp-block-group-is-layout-constrained\" style=\"margin-top:0;margin-bottom:0;padding-top:var(--wp--preset--spacing--50);padding-right:var(--wp--preset--spacing--50);padding-bottom:var(--wp--preset--spacing--50);padding-left:var(--wp--preset--spacing--50)\">\n<div class=\"wp-block-columns alignwide is-layout-flex wp-container-core-columns-is-layout-549b0c86 wp-block-columns-is-layout-flex\">\n<div class=\"wp-block-column is-layout-flow wp-block-column-is-layout-flow\">\n<h2 class=\"wp-block-heading\"><strong><strong><strong><strong>Die alte Schule im 19. Jahrhundert<\/strong><\/strong><\/strong><\/strong><\/h2>\n\n\n\n<div class=\"wp-block-columns is-layout-flex wp-container-core-columns-is-layout-28f84493 wp-block-columns-is-layout-flex\">\n<div class=\"wp-block-column is-layout-flow wp-block-column-is-layout-flow\">\n<p>Bei der alten Schule handelte es sich um einen zweigeschossigen, parallel zur Stra\u00dfe ausgerichteten Bau im klassizistischen Stil. Bedeckt war das Geb\u00e4ude mit einem Kr\u00fcppelwalmdach. In der Mitte befand sich auf der Stra\u00dfenseite der Eingang, der in Form eines Dreiecksgiebels besonders betont war. Im Giebelfeld stand \u201eSchule\u201c geschrieben. Eine Beschreibung laut Grundsteuerkataster von 1839 lautet: \u201eGemeinde- und Rathaus (B\u00fcrgermeisteramt) und Schulhaus mit Scheuer, Stall und Nebengeb\u00e4uden\u201c. Ein Schulhof schloss sich auf der Geb\u00e4ude-R\u00fcckseite an. Im Jahre 1821 wurde die Schule nach dreij\u00e4hriger Planung erbaut. Es handelte sich bei dem<\/p>\n\n\n\n<p><\/p>\n<\/div>\n\n\n\n<div class=\"wp-block-column is-layout-flow wp-block-column-is-layout-flow\">\n<p>Geb\u00e4ude um einen vergr\u00f6\u00dferten Ersatz f\u00fcr ein altes Schul- und Gemeindehaus, das\u00a0zuvor\u00a0an der gleichen Stelle \u2013 wahrscheinlich schon seit mindestens 1771 \u2013 stand und f\u00fcr diesen Neubau abgerissen wurde. Es umfasste auf 2 Geschossen Schulr\u00e4ume, B\u00fcrgermeisteramt und Lehrerdienstwohnung. Au\u00dfer B\u00fcrgermeisteramt und Wohnung d\u00fcrften nur 2 Schulr\u00e4ume als solche genutzt worden sein. Nach Erwerb des Lichtenbergerschen Anwesens (heutiges B\u00fcrgermeisteramt) gegen\u00fcber dieser Schule wurde das B\u00fcrgermeisteramt und 1892 die Lehrerdienstwohnung dorthin verlegt. Dadurch entstand mehr Platz f\u00fcr den inzwischen gestiegenen Bedarf an Schulraum.<\/p>\n<\/div>\n\n\n\n<div class=\"wp-block-column is-layout-flow wp-block-column-is-layout-flow\">\n<figure class=\"wp-block-image size-full\"><img decoding=\"async\" width=\"844\" height=\"547\" src=\"https:\/\/www.kulturelleserbe-rlp.de\/wp-content\/uploads\/2025\/10\/altes-schulhaus.jpg\" alt=\"\" class=\"wp-image-1490\" srcset=\"https:\/\/www.kulturelleserbe-rlp.de\/wp-content\/uploads\/2025\/10\/altes-schulhaus.jpg 844w, https:\/\/www.kulturelleserbe-rlp.de\/wp-content\/uploads\/2025\/10\/altes-schulhaus-300x194.jpg 300w, https:\/\/www.kulturelleserbe-rlp.de\/wp-content\/uploads\/2025\/10\/altes-schulhaus-768x498.jpg 768w\" sizes=\"(max-width: 844px) 100vw, 844px\" \/><\/figure>\n<\/div>\n<\/div>\n<\/div>\n<\/div>\n<\/div>\n\n\n\n<div class=\"wp-block-group alignfull has-accent-5-background-color has-background has-global-padding is-layout-constrained wp-container-core-group-is-layout-d89aad35 wp-block-group-is-layout-constrained\" style=\"margin-top:0;margin-bottom:0;padding-top:var(--wp--preset--spacing--50);padding-right:var(--wp--preset--spacing--50);padding-bottom:var(--wp--preset--spacing--50);padding-left:var(--wp--preset--spacing--50)\">\n<figure class=\"wp-block-embed is-type-video is-provider-youtube wp-block-embed-youtube wp-embed-aspect-16-9 wp-has-aspect-ratio\"><div class=\"wp-block-embed__wrapper\">\n<iframe title=\"Erinnerungen an die Schule in R\u00f6merberg-Berghausen\" width=\"500\" height=\"281\" src=\"https:\/\/www.youtube.com\/embed\/uuvJ6LEiL48?feature=oembed\" frameborder=\"0\" allow=\"accelerometer; autoplay; clipboard-write; encrypted-media; gyroscope; picture-in-picture; web-share\" referrerpolicy=\"strict-origin-when-cross-origin\" allowfullscreen><\/iframe>\n<\/div><\/figure>\n<\/div>\n\n\n\n<div class=\"wp-block-group alignfull has-base-background-color has-background has-global-padding is-layout-constrained wp-container-core-group-is-layout-d89aad35 wp-block-group-is-layout-constrained\" style=\"margin-top:0;margin-bottom:0;padding-top:var(--wp--preset--spacing--50);padding-right:var(--wp--preset--spacing--50);padding-bottom:var(--wp--preset--spacing--50);padding-left:var(--wp--preset--spacing--50)\">\n<div class=\"wp-block-columns alignwide is-layout-flex wp-container-core-columns-is-layout-549b0c86 wp-block-columns-is-layout-flex\">\n<div class=\"wp-block-column is-layout-flow wp-block-column-is-layout-flow\">\n<h2 class=\"wp-block-heading\"><strong><strong><strong><strong><strong>Wie wurden Kinder in der alten Schule unterrichtet?<\/strong><\/strong><\/strong><\/strong><\/strong><\/h2>\n\n\n\n<div class=\"wp-block-columns is-layout-flex wp-container-core-columns-is-layout-28f84493 wp-block-columns-is-layout-flex\">\n<div class=\"wp-block-column is-layout-flow wp-block-column-is-layout-flow\">\n<figure class=\"wp-block-image size-full\"><img decoding=\"async\" width=\"672\" height=\"512\" src=\"https:\/\/www.kulturelleserbe-rlp.de\/wp-content\/uploads\/2025\/10\/altes-schulhaus-1.jpg\" alt=\"\" class=\"wp-image-1494\" srcset=\"https:\/\/www.kulturelleserbe-rlp.de\/wp-content\/uploads\/2025\/10\/altes-schulhaus-1.jpg 672w, https:\/\/www.kulturelleserbe-rlp.de\/wp-content\/uploads\/2025\/10\/altes-schulhaus-1-300x229.jpg 300w\" sizes=\"(max-width: 672px) 100vw, 672px\" \/><figcaption class=\"wp-element-caption\"><mark style=\"background-color:rgba(0, 0, 0, 0)\" class=\"has-inline-color has-custom-color-1-color\"><strong>Kinder beim Sportunterricht auf dem Schulhof des alten Schulhauses in R\u00f6merberg-Berghausen, 1950er Jahre.<\/strong><\/mark><\/figcaption><\/figure>\n<\/div>\n\n\n\n<div class=\"wp-block-column is-layout-flow wp-block-column-is-layout-flow\">\n<p>Die Entwicklung der Bev\u00f6lkerungszahlen machte 1901 den Bau eines zus\u00e4tzlichen neuen Schulhauses an der Ecke Schulstra\u00dfe\/Bergh\u00e4user Stra\u00dfe notwendig (M\u00e4dchenschulhaus). Das alte Schulhaus neben der Kirche beherbergte bis 1951 auch einen Kindergarten, der dann in einen Kindergartenneubau neben dem Schwesternhaus neben der \u201eKleinen Hohl\u201c umzog. Von 1951 bis 1969 waren im \u201eAlten Schulhaus\u201c vier Schuls\u00e4le vorhanden, in denen sechs Schuljahrg\u00e4nge unterrichtet wurden. In den beiden Schuls\u00e4len im Obergescho\u00df wurden M\u00e4dchen und Jungen getrennt unterrichtet, und zwar jeweils die 6., 7. und 8. Klasse<\/p>\n<\/div>\n\n\n\n<div class=\"wp-block-column is-layout-flow wp-block-column-is-layout-flow\">\n<p>vor dem Schulabschluss der Volksschule. Die Kinder der 1., 2. und 3. Klasse waren auf die Schuls\u00e4le im Erdgescho\u00df verteilt. Die der 4. und 5. Klassen gingen ins \u201eNeue Schulhaus\u201c in der Schulstra\u00dfe. Eine Turnhalle gab es nicht. Stattdessen war Gymnastik im Schulhof angesagt, die mit Ballspielen erg\u00e4nzt wurde. Die acht Klassen (Volksschule) beider Schulh\u00e4user zogen dann 1969 in ein neues Schulgeb\u00e4ude mit Turnhalle in der Gutenbergstra\u00dfe um. Von da an stand das alte Schulhaus leer und wurde Anfang der 1970er Jahre abgerissen.<\/p>\n<\/div>\n<\/div>\n<\/div>\n<\/div>\n<\/div>\n\n\n\n<figure class=\"wp-block-image size-full is-resized\"><img loading=\"lazy\" decoding=\"async\" width=\"663\" height=\"510\" src=\"https:\/\/www.kulturelleserbe-rlp.de\/wp-content\/uploads\/2025\/10\/tafel.jpg\" alt=\"\" class=\"wp-image-1496\" style=\"width:800px;height:auto\" srcset=\"https:\/\/www.kulturelleserbe-rlp.de\/wp-content\/uploads\/2025\/10\/tafel.jpg 663w, https:\/\/www.kulturelleserbe-rlp.de\/wp-content\/uploads\/2025\/10\/tafel-300x231.jpg 300w\" sizes=\"(max-width: 663px) 100vw, 663px\" \/><\/figure>\n\n\n\n<p><\/p>\n\n\n\n<h2 class=\"wp-block-heading\"><strong>Bedeutung f\u00fcr den Ort<\/strong><\/h2>\n\n\n\n<p>R\u00fcckblickend darf festgestellt werden, dass in diesem \u201ealten\u201c Schulhaus die Kinder von fast 150 Schuljahrg\u00e4ngen Lesen, Schreiben, Rechnen und andere kulturelle Techniken lernten und auf das sp\u00e4tere Leben vorbereitet wurden. Die letzten Sch\u00fcler, die hier unterrichtet wurden, sind mittlerweile im Rentenalter.<\/p>\n\n\n\n<p>(Wilhelm K\u00f6gel und Hartwig Humbert, Verein f\u00fcr Heimat- und Brauchtumsverein in R\u00f6merberg e. V., 2024)<\/p>\n","protected":false},"excerpt":{"rendered":"<p>Lost Places in R\u00f6merberg Der Lehrer hatte drei Klassen [zeitgleich] zu unterrichten und das war ein Kunstst\u00fcck. Meistens hat er eine Klasse unterrichtet, die anderen zwei Klassen waren still besch\u00e4ftigt und das hat sich so abgewechselt.* In der Bergh\u00e4user Stra\u00dfe im R\u00f6merberger Ortsteil Berghausen befand sich einst das Schulhaus, das anfangs, sprich Mitte des 19. [&hellip;]<\/p>\n","protected":false},"author":1,"featured_media":0,"parent":0,"menu_order":0,"comment_status":"closed","ping_status":"closed","template":"","meta":{"footnotes":""},"class_list":["post-1450","page","type-page","status-publish","hentry"],"_links":{"self":[{"href":"https:\/\/www.kulturelleserbe-rlp.de\/index.php?rest_route=\/wp\/v2\/pages\/1450","targetHints":{"allow":["GET"]}}],"collection":[{"href":"https:\/\/www.kulturelleserbe-rlp.de\/index.php?rest_route=\/wp\/v2\/pages"}],"about":[{"href":"https:\/\/www.kulturelleserbe-rlp.de\/index.php?rest_route=\/wp\/v2\/types\/page"}],"author":[{"embeddable":true,"href":"https:\/\/www.kulturelleserbe-rlp.de\/index.php?rest_route=\/wp\/v2\/users\/1"}],"replies":[{"embeddable":true,"href":"https:\/\/www.kulturelleserbe-rlp.de\/index.php?rest_route=%2Fwp%2Fv2%2Fcomments&post=1450"}],"version-history":[{"count":12,"href":"https:\/\/www.kulturelleserbe-rlp.de\/index.php?rest_route=\/wp\/v2\/pages\/1450\/revisions"}],"predecessor-version":[{"id":1516,"href":"https:\/\/www.kulturelleserbe-rlp.de\/index.php?rest_route=\/wp\/v2\/pages\/1450\/revisions\/1516"}],"wp:attachment":[{"href":"https:\/\/www.kulturelleserbe-rlp.de\/index.php?rest_route=%2Fwp%2Fv2%2Fmedia&parent=1450"}],"curies":[{"name":"wp","href":"https:\/\/api.w.org\/{rel}","templated":true}]}}