{"id":109,"date":"2024-09-12T13:59:27","date_gmt":"2024-09-12T13:59:27","guid":{"rendered":"https:\/\/www.kulturelleserbe-rlp.de\/kulturelleserbe\/?page_id=109"},"modified":"2024-09-17T12:31:00","modified_gmt":"2024-09-17T12:31:00","slug":"fachwerk-zum-horen","status":"publish","type":"page","link":"https:\/\/www.kulturelleserbe-rlp.de\/?page_id=109","title":{"rendered":"&#8220;Fachwerk zum H\u00f6ren&#8221;"},"content":{"rendered":"\n<p>NEUN FACHWERKH\u00c4USER IN MONTABAUR ERZ\u00c4HLEN IHRE GESCHICHTE<\/p>\n\n\n\n<p><\/p>\n\n\n\n<div class=\"wp-block-group alignfull has-accent-background-color has-background has-global-padding is-layout-constrained wp-container-core-group-is-layout-669513ed wp-block-group-is-layout-constrained\" style=\"margin-top:0;margin-bottom:0;padding-top:var(--wp--preset--spacing--50);padding-right:var(--wp--preset--spacing--50);padding-bottom:var(--wp--preset--spacing--50);padding-left:var(--wp--preset--spacing--50)\">\n<div class=\"wp-block-columns alignwide is-layout-flex wp-container-core-columns-is-layout-1da03c2a wp-block-columns-is-layout-flex\">\n<div class=\"wp-block-column is-vertically-aligned-stretch is-layout-flow wp-block-column-is-layout-flow\" style=\"flex-basis:50%\">\n<div class=\"wp-block-group is-vertical is-content-justification-stretch is-layout-flex wp-container-core-group-is-layout-444d5ee8 wp-block-group-is-layout-flex\" style=\"min-height:100%\">\n<p class=\"has-heading-font-family has-x-large-font-size\" style=\"line-height:1.2\">Von geheimen unterirdischen G\u00e4ngen bis zu vergifteten Kurf\u00fcrsten. In einem anderen Haus soll der Heilige Rock Jesu Christi aus Trier vor den Franz\u00f6sischen Besatzern versteckt worden sein. <\/p>\n<\/div>\n<\/div>\n\n\n\n<div class=\"wp-block-column is-vertically-aligned-center is-layout-flow wp-block-column-is-layout-flow\" style=\"flex-basis:50%\">\n<figure class=\"wp-block-image size-large is-resized\"><img fetchpriority=\"high\" decoding=\"async\" width=\"1024\" height=\"683\" src=\"https:\/\/www.kulturelleserbe-rlp.de\/kulturelleserbe\/wp-content\/uploads\/2024\/09\/LVR__0000653648-mp3-image-1024x683.jpg\" alt=\"\" class=\"wp-image-111\" style=\"width:744px;height:auto\" srcset=\"https:\/\/www.kulturelleserbe-rlp.de\/wp-content\/uploads\/2024\/09\/LVR__0000653648-mp3-image-1024x683.jpg 1024w, https:\/\/www.kulturelleserbe-rlp.de\/wp-content\/uploads\/2024\/09\/LVR__0000653648-mp3-image-300x200.jpg 300w, https:\/\/www.kulturelleserbe-rlp.de\/wp-content\/uploads\/2024\/09\/LVR__0000653648-mp3-image-768x512.jpg 768w, https:\/\/www.kulturelleserbe-rlp.de\/wp-content\/uploads\/2024\/09\/LVR__0000653648-mp3-image-1536x1024.jpg 1536w, https:\/\/www.kulturelleserbe-rlp.de\/wp-content\/uploads\/2024\/09\/LVR__0000653648-mp3-image-2048x1366.jpg 2048w\" sizes=\"(max-width: 1024px) 100vw, 1024px\" \/><figcaption class=\"wp-element-caption\">Fachwerkhaus Kleiner Markt 13 in Montabaur<\/figcaption><\/figure>\n<\/div>\n<\/div>\n<\/div>\n\n\n\n<p class=\"has-heading-font-family has-x-large-font-size\" style=\"line-height:1.2\"><\/p>\n\n\n\n<p>F\u00fcr Erwachsene:<\/p>\n\n\n\n<figure class=\"wp-block-audio\"><audio controls src=\"https:\/\/www.kulturelleserbe-rlp.de\/wp-content\/uploads\/2024\/09\/LVR__0000653648.mp3\"><\/audio><\/figure>\n\n\n\n<p>F\u00fcr Kinder: <\/p>\n\n\n\n<figure class=\"wp-block-audio\"><audio controls src=\"https:\/\/www.kulturelleserbe-rlp.de\/wp-content\/uploads\/2024\/09\/audio-fur-kinder-mon.mp3\"><\/audio><\/figure>\n\n\n\n<p><\/p>\n","protected":false},"excerpt":{"rendered":"<p>NEUN FACHWERKH\u00c4USER IN MONTABAUR ERZ\u00c4HLEN IHRE GESCHICHTE Von geheimen unterirdischen G\u00e4ngen bis zu vergifteten Kurf\u00fcrsten. In einem anderen Haus soll der Heilige Rock Jesu Christi aus Trier vor den Franz\u00f6sischen Besatzern versteckt worden sein. F\u00fcr Erwachsene: F\u00fcr Kinder:<\/p>\n","protected":false},"author":1,"featured_media":0,"parent":0,"menu_order":0,"comment_status":"closed","ping_status":"closed","template":"","meta":{"footnotes":""},"class_list":["post-109","page","type-page","status-publish","hentry"],"_links":{"self":[{"href":"https:\/\/www.kulturelleserbe-rlp.de\/index.php?rest_route=\/wp\/v2\/pages\/109","targetHints":{"allow":["GET"]}}],"collection":[{"href":"https:\/\/www.kulturelleserbe-rlp.de\/index.php?rest_route=\/wp\/v2\/pages"}],"about":[{"href":"https:\/\/www.kulturelleserbe-rlp.de\/index.php?rest_route=\/wp\/v2\/types\/page"}],"author":[{"embeddable":true,"href":"https:\/\/www.kulturelleserbe-rlp.de\/index.php?rest_route=\/wp\/v2\/users\/1"}],"replies":[{"embeddable":true,"href":"https:\/\/www.kulturelleserbe-rlp.de\/index.php?rest_route=%2Fwp%2Fv2%2Fcomments&post=109"}],"version-history":[{"count":9,"href":"https:\/\/www.kulturelleserbe-rlp.de\/index.php?rest_route=\/wp\/v2\/pages\/109\/revisions"}],"predecessor-version":[{"id":211,"href":"https:\/\/www.kulturelleserbe-rlp.de\/index.php?rest_route=\/wp\/v2\/pages\/109\/revisions\/211"}],"wp:attachment":[{"href":"https:\/\/www.kulturelleserbe-rlp.de\/index.php?rest_route=%2Fwp%2Fv2%2Fmedia&parent=109"}],"curies":[{"name":"wp","href":"https:\/\/api.w.org\/{rel}","templated":true}]}}